{"id":841,"date":"2014-09-10T14:36:06","date_gmt":"2014-09-10T12:36:06","guid":{"rendered":"http:\/\/localhost\/~kenny\/wordpress\/?page_id=841"},"modified":"2016-02-12T10:44:29","modified_gmt":"2016-02-12T08:44:29","slug":"akma-basic","status":"publish","type":"page","link":"https:\/\/www.cosmo-technik.de\/?page_id=841","title":{"rendered":"Akma Basic"},"content":{"rendered":"<div class=\"wpb-content-wrapper\">[vc_row][vc_column][vc_row_inner][vc_column_inner width=&#8220;1\/2&#8243;][vc_single_image image=&#8220;948&#8243; img_size=&#8220;medium&#8220; alignment=&#8220;center&#8220; css_animation=&#8220;bottom-to-top&#8220;][\/vc_column_inner][vc_column_inner width=&#8220;1\/2&#8243;][vc_column_text]\n<h5>AKMA Basic<\/h5>\n<p>BASIC\u00a0ist das akustische Einstiegselement von Akma. Knapp kalkuliert, hoher akustischer Wert und ab Lager lieferbar. Das Element ist rundherum mit einem Aluminiumrahmen versehen, gef\u00fcllt mit hochwertigem Absorptionsmaterial, und an der Sichtseite mit Glasvlies verarbeitet.<\/p>\n<p>Der Rahmen umklammert an der Sichtseite die akustische F\u00fcllung und Verarbeitung. Dieses Element ist auch als BASIC+ lieferbar, wobei die Sichtseite mit einer Auswahl aus u.a. Holz, Gips, Stahl usw. verarbeitet ist.[\/vc_column_text][vc_column_text]\n<h5>Anwendungsbereiche<\/h5>\n<p>BASIC kann hervorragend in R\u00e4umen mit den unterschiedlichsten L\u00e4rmproblemen eingesetzt werden, wie z.B. B\u00fcros, Schulen, Kindertagesst\u00e4tten, Pflegeeinrichtungen, Wohnungen usw.[\/vc_column_text][\/vc_column_inner][\/vc_row_inner]<div class=\"hr-thin style-line\" style=\"width: 100%;border-top-width: 1px;\"><\/div>[vc_tabs interval=&#8220;15&#8243; style=&#8220;tab-style-three&#8220;][vc_tab title=&#8220;Eigenschaften&#8220; tab_id=&#8220;1410534615-1-43&#8243;]<div class=\"standard-arrow bullet-top\"><ul>\n<li>Feuerfeste F\u00fcllung und Verarbeitung<\/li>\n<li>Akustischer Wert bis NRC 0.90 (Berichterstattung oder Zertifikate auf Anfrage lieferbar)<\/li>\n<li>Elemente werden vorgefertigt geliefert, einschlie\u00dflich Montagematerialien<\/li>\n<\/ul>\n<\/div>[\/vc_tab][vc_tab title=&#8220;Gr\u00f6\u00dfen&#8220; tab_id=&#8220;1410534679114-2-0&#8243;]<div class=\"standard-arrow bullet-top\"><ul>\n<li>Elementdicke 3,5 cm<\/li>\n<li>Breitenma\u00dfe 60 und 120 cm<\/li>\n<li>L\u00e4ngenma\u00dfe 120, 150, 180 und 240 cm<\/li>\n<\/ul>\n<\/div>[\/vc_tab][vc_tab title=&#8220;Optionen&#8220; tab_id=&#8220;1410534615-2-5&#8243;]<div class=\"standard-arrow bullet-top\"><ul>\n<li>BASIC+ mit Verarbeitung nach Wahl<\/li>\n<li>Ma\u00dfarbeit (maximale Breite 120 cm,\u00a0maximale L\u00e4nge 240 cm)<\/li>\n<li>Ma\u00dfgefertigtes Aufh\u00e4ngesystem<\/li>\n<\/ul>\n<p>&nbsp;<\/p>\n<ul>\n<li>\n<h6><strong>Optionen bei gr\u00f6\u00dferen St\u00fcckzahlen:<\/strong><\/h6>\n<\/li>\n<li>Wahl zwischen 25 verschiedenen Farben Glasvlies<\/li>\n<li>In farbbeschichtetem Rahmen<\/li>\n<\/ul>\n<\/div>[\/vc_tab][vc_tab title=&#8220;Montage&#8220; tab_id=&#8220;1410534829860-3-10&#8243;]<a href=\"http:\/\/www.cosmo-technik.de\/?page_id=1032\" class=\"btn-shortcode dt-btn-m dt-btn default-btn-color default-btn-hover-color default-btn-bg-color default-btn-bg-hover-color\" id=\"dt-btn-1\"><span>Montage<\/span><\/a>[\/vc_tab][vc_tab title=&#8220;Ausf\u00fchrungen&#8220; tab_id=&#8220;1410534841208-4-2&#8243;]<div class=\"standard-arrow bullet-top\"><ul>\n<li>Lieferbar als Wand- oder Deckenelement in Standardgr\u00f6\u00dfen und Farben<\/li>\n<li>Ab Lager lieferbar<\/li>\n<li>Sichtseite mit wei\u00dfem Glasvlies verarbeitet \u00a0oder Wahl aus 5 Standardfarben<\/li>\n<li>Als BASIC+ mit Verarbeitung von u.a. Holz, Gips, Stahl usw.<\/li>\n<li>Aluminiumrahmen standardm\u00e4\u00dfig in den Farben Aluminium-blank oder Wei\u00df<\/li>\n<li>Auf Gehrung ges\u00e4gte Ecken<\/li>\n<li>Kr\u00e4ftiger Aluminiumrahmen mit einem umgesetzten Sichtrand von 6 mm<\/li>\n<\/ul>\n<\/div>[\/vc_tab][vc_tab title=&#8220;Downloads&#8220; tab_id=&#8220;1443778891411-5-8&#8243;]<a href=\"https:\/\/www.cosmo-technik.de\/wp-content\/uploads\/2015\/03\/Broschuerekl.pdf\" class=\"btn-shortcode dt-btn-s dt-btn default-btn-color default-btn-hover-color default-btn-bg-color default-btn-bg-hover-color\" target=\"_blank\" id=\"dt-btn-2\" rel=\"noopener\"><span>Download Brosch\u00fcre<\/span><\/a>[\/vc_tab][\/vc_tabs][\/vc_column][\/vc_row]\n<\/div>","protected":false},"excerpt":{"rendered":"<p>[vc_row][vc_column][vc_row_inner][vc_column_inner width=&#8220;1\/2&#8243;][vc_single_image image=&#8220;948&#8243; img_size=&#8220;medium&#8220; alignment=&#8220;center&#8220; css_animation=&#8220;bottom-to-top&#8220;][\/vc_column_inner][vc_column_inner width=&#8220;1\/2&#8243;][vc_column_text] AKMA Basic BASIC\u00a0ist das akustische Einstiegselement von Akma. Knapp kalkuliert, hoher akustischer Wert und ab Lager lieferbar. Das Element ist rundherum mit einem Aluminiumrahmen versehen, gef\u00fcllt mit hochwertigem Absorptionsmaterial, und an der Sichtseite mit Glasvlies verarbeitet. Der Rahmen umklammert an der Sichtseite die akustische F\u00fcllung und Verarbeitung. Dieses&hellip;<\/p>\n","protected":false},"author":1,"featured_media":0,"parent":0,"menu_order":0,"comment_status":"closed","ping_status":"closed","template":"","meta":{"footnotes":""},"class_list":["post-841","page","type-page","status-publish","hentry","description-off"],"_links":{"self":[{"href":"https:\/\/www.cosmo-technik.de\/index.php?rest_route=\/wp\/v2\/pages\/841","targetHints":{"allow":["GET"]}}],"collection":[{"href":"https:\/\/www.cosmo-technik.de\/index.php?rest_route=\/wp\/v2\/pages"}],"about":[{"href":"https:\/\/www.cosmo-technik.de\/index.php?rest_route=\/wp\/v2\/types\/page"}],"author":[{"embeddable":true,"href":"https:\/\/www.cosmo-technik.de\/index.php?rest_route=\/wp\/v2\/users\/1"}],"replies":[{"embeddable":true,"href":"https:\/\/www.cosmo-technik.de\/index.php?rest_route=%2Fwp%2Fv2%2Fcomments&post=841"}],"version-history":[{"count":27,"href":"https:\/\/www.cosmo-technik.de\/index.php?rest_route=\/wp\/v2\/pages\/841\/revisions"}],"predecessor-version":[{"id":1376,"href":"https:\/\/www.cosmo-technik.de\/index.php?rest_route=\/wp\/v2\/pages\/841\/revisions\/1376"}],"wp:attachment":[{"href":"https:\/\/www.cosmo-technik.de\/index.php?rest_route=%2Fwp%2Fv2%2Fmedia&parent=841"}],"curies":[{"name":"wp","href":"https:\/\/api.w.org\/{rel}","templated":true}]}}