{"id":843,"date":"2014-09-10T14:37:12","date_gmt":"2014-09-10T12:37:12","guid":{"rendered":"http:\/\/localhost\/~kenny\/wordpress\/?page_id=843"},"modified":"2016-02-12T10:45:05","modified_gmt":"2016-02-12T08:45:05","slug":"akma-fabric","status":"publish","type":"page","link":"https:\/\/www.cosmo-technik.de\/?page_id=843","title":{"rendered":"Akma Fabric"},"content":{"rendered":"<div class=\"wpb-content-wrapper\">[vc_row][vc_column width=&#8220;1\/2&#8243;][vc_single_image image=&#8220;971&#8243; img_size=&#8220;medium&#8220; alignment=&#8220;center&#8220; css_animation=&#8220;right-to-left&#8220;][\/vc_column][vc_column width=&#8220;1\/2&#8243;][vc_column_text]\n<h5>AKMA Fabric<\/h5>\n<p>FABRIC ist das akustische Ma\u00dfelement von Akma. Ma\u00dfgefertigt f\u00fcr Ihre Situation, mit hohen akustischen Werten und einer kurzen Lieferzeit. Das Element ist rundherum mit einem Aluminiumrahmen versehen,<br \/>\ngef\u00fcllt mit hochwertigem Absorptionsmaterial, und an der Sichtseite mit einer Stoffbespannung verarbeitet. Diese Stoffbespannung wird in den Rahmen gespannt, wodurch das Profil an der Sichtseite minimal sichtbar ist.<\/p>\n<h5>Anwendungsbereiche<\/h5>\n<p>FABRIC kann hervorragend in R\u00e4umen mit unterschiedlichsten L\u00e4rmproblemen eingesetzt werden, wie beispielsweise B\u00fcros, Callcenter, Schulen, Pflegeeinrichtungen, Wohnungen, Leerr\u00e4umen, Eing\u00e4ngen usw.\u00a0 FABRIC kann auch als B\u00fcroteiler oder Raumteiler und f\u00fcr variable akustische Einrichtungen verwendet werden.[\/vc_column_text][\/vc_column][\/vc_row][vc_row][vc_column]<div class=\"hr-thin style-line\" style=\"width: 100%;border-top-width: 1px;\"><\/div>[\/vc_column][\/vc_row][vc_row][vc_column][vc_tabs interval=&#8220;15&#8243; style=&#8220;tab-style-three&#8220;][vc_tab title=&#8220;Eigenschaften&#8220; tab_id=&#8220;1410538102-1-84&#8243;]<div class=\"standard-arrow bullet-top\"><ul>\n<li>Unbrennbare F\u00fcllung<\/li>\n<li>Stoffbespannung in brandhemmender\u00a0Ausf\u00fchrung<\/li>\n<li>Akustischer Wert bis NRC 1.00 (Auswertung oder Zertifikate auf Anfrage lieferbar)<\/li>\n<li>Sto\u00dffest<\/li>\n<\/ul>\n<\/div>[\/vc_tab][vc_tab title=&#8220;Gr\u00f6\u00dfen&#8220; tab_id=&#8220;1410538102-2-80&#8243;]<div class=\"standard-arrow bullet-top\"><ul>\n<li>Elementdicke 3,5 cm<\/li>\n<li>Nahtlos ma\u00dfgefertigt innerhalb der folgenden Ma\u00dff\u00fchrung:<\/li>\n<li>Breite :\u00a0 &gt; 30 cm\u00a0\u00a0 &lt; 170 cm<\/li>\n<li>L\u00e4nge\u00a0\u00a0 : &gt; 30 cm\u00a0\u00a0 &lt; 30 m<\/li>\n<li>Bis ca. 3,5 m\u00b2 vorgefertigt lieferbar,\u00a0gro\u00dfe Elemente werden vor Ort aufgebaut<\/li>\n<li>Elementdicke Raumteiler 6 cm<\/li>\n<\/ul>\n<\/div>[\/vc_tab][vc_tab title=&#8220;Optionen&#8220; tab_id=&#8220;1410538278181-2-8&#8243;]<div class=\"standard-arrow bullet-top\"><ul>\n<li>Ma\u00dfgefertigtes Aufh\u00e4ngesystem<\/li>\n<\/ul>\n<\/div>[\/vc_tab][vc_tab title=&#8220;Montage&#8220; tab_id=&#8220;1410538506174-4-3&#8243;]<a href=\"http:\/\/www.cosmo-technik.de\/?page_id=1032\" class=\"btn-shortcode dt-btn-m dt-btn default-btn-color default-btn-hover-color default-btn-bg-color default-btn-bg-hover-color\" id=\"dt-btn-1\"><span>Montage<\/span><\/a>[\/vc_tab][vc_tab title=&#8220;Ausf\u00fchrungen&#8220; tab_id=&#8220;1410538294741-3-4&#8243;]<div class=\"standard-arrow bullet-top\"><ul>\n<li>Lieferbar als Wandelement, Deckenelement\u00a0oder Raumteiler.<\/li>\n<li>Ma\u00dfarbeit ist standardm\u00e4\u00dfig.<\/li>\n<li>Sichtseite verarbeitet mit Stoffbespannung<\/li>\n<li>Wahl aus rund 40 verschiedenen Farben<\/li>\n<li>Aluminiumrahmen standardm\u00e4\u00dfig in den<\/li>\n<li>Farben Aluminium-blank oder Wei\u00df<\/li>\n<li>Auf Gehrung ges\u00e4gte Ecken<\/li>\n<li>Kr\u00e4ftiger Aluminiumrahmen<\/li>\n<\/ul>\n<\/div>[\/vc_tab][vc_tab title=&#8220;Downloads&#8220; tab_id=&#8220;1443779007399-5-9&#8243;]<a href=\"https:\/\/www.cosmo-technik.de\/wp-content\/uploads\/2015\/03\/Broschuerekl.pdf\" class=\"btn-shortcode dt-btn-s dt-btn default-btn-color default-btn-hover-color default-btn-bg-color default-btn-bg-hover-color\" target=\"_blank\" id=\"dt-btn-2\" rel=\"noopener\"><span>Download Brosch\u00fcre<\/span><\/a>[\/vc_tab][\/vc_tabs][\/vc_column][\/vc_row]\n<\/div>","protected":false},"excerpt":{"rendered":"<p>[vc_row][vc_column width=&#8220;1\/2&#8243;][vc_single_image image=&#8220;971&#8243; img_size=&#8220;medium&#8220; alignment=&#8220;center&#8220; css_animation=&#8220;right-to-left&#8220;][\/vc_column][vc_column width=&#8220;1\/2&#8243;][vc_column_text] AKMA Fabric FABRIC ist das akustische Ma\u00dfelement von Akma. Ma\u00dfgefertigt f\u00fcr Ihre Situation, mit hohen akustischen Werten und einer kurzen Lieferzeit. Das Element ist rundherum mit einem Aluminiumrahmen versehen, gef\u00fcllt mit hochwertigem Absorptionsmaterial, und an der Sichtseite mit einer Stoffbespannung verarbeitet. Diese Stoffbespannung wird in den Rahmen gespannt,&hellip;<\/p>\n","protected":false},"author":1,"featured_media":0,"parent":0,"menu_order":0,"comment_status":"closed","ping_status":"closed","template":"","meta":{"footnotes":""},"class_list":["post-843","page","type-page","status-publish","hentry","description-off"],"_links":{"self":[{"href":"https:\/\/www.cosmo-technik.de\/index.php?rest_route=\/wp\/v2\/pages\/843","targetHints":{"allow":["GET"]}}],"collection":[{"href":"https:\/\/www.cosmo-technik.de\/index.php?rest_route=\/wp\/v2\/pages"}],"about":[{"href":"https:\/\/www.cosmo-technik.de\/index.php?rest_route=\/wp\/v2\/types\/page"}],"author":[{"embeddable":true,"href":"https:\/\/www.cosmo-technik.de\/index.php?rest_route=\/wp\/v2\/users\/1"}],"replies":[{"embeddable":true,"href":"https:\/\/www.cosmo-technik.de\/index.php?rest_route=%2Fwp%2Fv2%2Fcomments&post=843"}],"version-history":[{"count":10,"href":"https:\/\/www.cosmo-technik.de\/index.php?rest_route=\/wp\/v2\/pages\/843\/revisions"}],"predecessor-version":[{"id":1377,"href":"https:\/\/www.cosmo-technik.de\/index.php?rest_route=\/wp\/v2\/pages\/843\/revisions\/1377"}],"wp:attachment":[{"href":"https:\/\/www.cosmo-technik.de\/index.php?rest_route=%2Fwp%2Fv2%2Fmedia&parent=843"}],"curies":[{"name":"wp","href":"https:\/\/api.w.org\/{rel}","templated":true}]}}